{"id":154,"date":"2023-02-18T14:51:24","date_gmt":"2023-02-18T14:51:24","guid":{"rendered":"https:\/\/valdescotrino.com\/jcorrea\/?page_id=154"},"modified":"2023-05-09T21:18:32","modified_gmt":"2023-05-09T21:18:32","slug":"informatica-forense","status":"publish","type":"page","link":"https:\/\/it-sf.com.co\/?page_id=154","title":{"rendered":"Inform\u00e1tica Forense"},"content":{"rendered":"<div class=\"wp-block-image\">\n<figure class=\"alignleft size-full\"><img loading=\"lazy\" decoding=\"async\" width=\"377\" height=\"240\" src=\"https:\/\/valdescotrino.com\/jcorrea\/wp-content\/uploads\/2023\/05\/36.jpg\" alt=\"\" class=\"wp-image-349\" srcset=\"https:\/\/it-sf.com.co\/wp-content\/uploads\/2023\/05\/36.jpg 377w, https:\/\/it-sf.com.co\/wp-content\/uploads\/2023\/05\/36-300x191.jpg 300w\" sizes=\"auto, (max-width: 377px) 100vw, 377px\" \/><\/figure>\n<\/div>\n\n\n<p class=\"has-medium-font-size\">IT SECURITY FORENSIC se encarga de analizar los sistemas inform\u00e1ticos en busca de evidencias que permitan llevar a cabo una causa judicial o una negociaci\u00f3n extrajudicial, para ello se cuenta con herramientas especializadas, metodolog\u00edas y recurso humano experto en el \u00e1rea de la inform\u00e1tica forense.<\/p>\n\n\n\n<p class=\"has-medium-font-size\">Permitiendo realizar los procesos necesarios para la adquisici\u00f3n de informaci\u00f3n en cualquier tipo de dispositivo como: (equipos de c\u00f3mputo o equipos m\u00f3viles y servicios publicados en Internet (Correo electr\u00f3nico, p\u00e1ginas web, etc.). La informaci\u00f3n obtenida de esta actividad es procesada y analizada, cumpliendo con los est\u00e1ndares de seguridad y protocolos de cadena de custodia establecidos. Con el objeto de garantizar a nuestros clientes la integridad y confiabilidad de la informaci\u00f3n.<\/p>\n\n\n\n<div style=\"height:20px\" aria-hidden=\"true\" class=\"wp-block-spacer\"><\/div>\n\n\n<div class=\"wp-block-image is-style-rounded\">\n<figure class=\"alignright size-full\"><img loading=\"lazy\" decoding=\"async\" width=\"480\" height=\"240\" src=\"https:\/\/valdescotrino.com\/jcorrea\/wp-content\/uploads\/2023\/05\/4.jpg\" alt=\"\" class=\"wp-image-350\" srcset=\"https:\/\/it-sf.com.co\/wp-content\/uploads\/2023\/05\/4.jpg 480w, https:\/\/it-sf.com.co\/wp-content\/uploads\/2023\/05\/4-300x150.jpg 300w\" sizes=\"auto, (max-width: 480px) 100vw, 480px\" \/><\/figure>\n<\/div>\n\n\n<p class=\"has-medium-font-size\"><strong>Objetivos<\/strong><\/p>\n\n\n\n<ul class=\"has-medium-font-size wp-block-list\">\n<li>Recuperar informaci\u00f3n en dispositivos y medios digitales mediante t\u00e9cnicas avanzadas, garantizando la preservaci\u00f3n de la data original.<\/li>\n\n\n\n<li>Tomar copias o im\u00e1genes digitales de medios electr\u00f3nicos, de car\u00e1cter sospechoso, involucrados en un evento inform\u00e1tico, utilizando herramientas especializadas de software forense, para realizar la b\u00fasqueda y extracci\u00f3n de datos espec\u00edficos y necesarios para un proceso judicial.<\/li>\n\n\n\n<li>Realizar un an\u00e1lisis detallado para una investigaci\u00f3n digital forense a partir de una imagen que suministre un tercero.<\/li>\n\n\n\n<li>Utilizar herramientas y t\u00e9cnicas especializadas para levantar informaci\u00f3n de fuentes de datos abiertos y p\u00fablicos, a partir de datos o perfiles b\u00e1sicos.<\/li>\n\n\n\n<li>Asegurar y preservar evidencia digital en tr\u00e1nsito o en reposo.<\/li>\n\n\n\n<li>Garantizar el almacenamiento temporal o permanente de evidencia digital forense.<\/li>\n<\/ul>\n\n\n\n<p><\/p>\n\n\n\n<p><\/p>\n","protected":false},"excerpt":{"rendered":"<p>IT SECURITY FORENSIC se encarga de analizar los sistemas inform\u00e1ticos en busca de evidencias que permitan llevar a cabo una causa judicial o una negociaci\u00f3n extrajudicial, para ello se cuenta con herramientas especializadas, metodolog\u00edas y recurso humano experto en el \u00e1rea de la inform\u00e1tica forense. Permitiendo realizar los procesos necesarios para la adquisici\u00f3n de informaci\u00f3n [&hellip;]<\/p>\n","protected":false},"author":1,"featured_media":0,"parent":0,"menu_order":0,"comment_status":"closed","ping_status":"closed","template":"templates\/template-page-full-width.php","meta":{"footnotes":""},"class_list":["post-154","page","type-page","status-publish","hentry"],"_links":{"self":[{"href":"https:\/\/it-sf.com.co\/index.php?rest_route=\/wp\/v2\/pages\/154","targetHints":{"allow":["GET"]}}],"collection":[{"href":"https:\/\/it-sf.com.co\/index.php?rest_route=\/wp\/v2\/pages"}],"about":[{"href":"https:\/\/it-sf.com.co\/index.php?rest_route=\/wp\/v2\/types\/page"}],"author":[{"embeddable":true,"href":"https:\/\/it-sf.com.co\/index.php?rest_route=\/wp\/v2\/users\/1"}],"replies":[{"embeddable":true,"href":"https:\/\/it-sf.com.co\/index.php?rest_route=%2Fwp%2Fv2%2Fcomments&post=154"}],"version-history":[{"count":9,"href":"https:\/\/it-sf.com.co\/index.php?rest_route=\/wp\/v2\/pages\/154\/revisions"}],"predecessor-version":[{"id":357,"href":"https:\/\/it-sf.com.co\/index.php?rest_route=\/wp\/v2\/pages\/154\/revisions\/357"}],"wp:attachment":[{"href":"https:\/\/it-sf.com.co\/index.php?rest_route=%2Fwp%2Fv2%2Fmedia&parent=154"}],"curies":[{"name":"wp","href":"https:\/\/api.w.org\/{rel}","templated":true}]}}