{"id":221,"date":"2023-03-01T13:51:55","date_gmt":"2023-03-01T13:51:55","guid":{"rendered":"https:\/\/valdescotrino.com\/jcorrea\/?page_id=221"},"modified":"2023-05-09T21:33:36","modified_gmt":"2023-05-09T21:33:36","slug":"diseno-estructuracion-y-acompanamiento-en-la-implementacion-de-un-modelo-de-seguridad-enfocado-en-el-sistema-de-gestion-de-seguridad-de-la-informacion-sgsi-bajo-las-directrices-del","status":"publish","type":"page","link":"https:\/\/it-sf.com.co\/?page_id=221","title":{"rendered":"Consultoria en SGSI bajo las directrices del \u201cMSPI\u201d recomendado por MinTic."},"content":{"rendered":"<div class=\"wp-block-image\">\n<figure class=\"alignleft size-full\"><img loading=\"lazy\" decoding=\"async\" width=\"360\" height=\"203\" src=\"https:\/\/valdescotrino.com\/jcorrea\/wp-content\/uploads\/2023\/05\/5-edited.jpg\" alt=\"\" class=\"wp-image-363\" srcset=\"https:\/\/it-sf.com.co\/wp-content\/uploads\/2023\/05\/5-edited.jpg 360w, https:\/\/it-sf.com.co\/wp-content\/uploads\/2023\/05\/5-edited-300x169.jpg 300w\" sizes=\"auto, (max-width: 360px) 100vw, 360px\" \/><\/figure>\n<\/div>\n\n\n<p class=\"has-medium-font-size\">IT SECURITY FORENSIC, desarrolla y acompa\u00f1a a la organizaci\u00f3n en implantaci\u00f3n del sistema de gesti\u00f3n de seguridad de la informaci\u00f3n \u201cSGSI\u201d, enmarcado bajo la normativa ISO\/IEC 27001:2013 e ISO-IEC 27001:2022.<\/p>\n\n\n\n<div style=\"height:20px\" aria-hidden=\"true\" class=\"wp-block-spacer\"><\/div>\n\n\n\n<h3 class=\"wp-block-heading\">Actividades propuestas<\/h3>\n\n\n<div class=\"wp-block-image is-style-rounded\">\n<figure class=\"alignright size-full\"><img loading=\"lazy\" decoding=\"async\" width=\"240\" height=\"240\" src=\"https:\/\/valdescotrino.com\/jcorrea\/wp-content\/uploads\/2023\/05\/15-edited.jpg\" alt=\"\" class=\"wp-image-361\" srcset=\"https:\/\/it-sf.com.co\/wp-content\/uploads\/2023\/05\/15-edited.jpg 240w, https:\/\/it-sf.com.co\/wp-content\/uploads\/2023\/05\/15-edited-150x150.jpg 150w\" sizes=\"auto, (max-width: 240px) 100vw, 240px\" \/><\/figure>\n<\/div>\n\n\n<ul class=\"has-medium-font-size wp-block-list\">\n<li>Realizar una visita inicial a la organizaci\u00f3n, con el objeto de identificar si existe o no una estructura de seguridad de la informaci\u00f3n y definir el alcance del SGSI en caso de no contar con un modelo establecido.<\/li>\n\n\n\n<li>Colaborar con la definici\u00f3n de las pol\u00edticas de seguridad de la informaci\u00f3n, acorde con la estructura organizacional.<\/li>\n\n\n\n<li>Estructurar los procedimientos necesarios para la correcta implementaci\u00f3n del SGSI.<\/li>\n\n\n\n<li>Realizar el proceso de auditor\u00eda interna y plan de mejora continua del SGSI, una vez implantado el modelo desarrollado.<\/li>\n<\/ul>\n","protected":false},"excerpt":{"rendered":"<p>IT SECURITY FORENSIC, desarrolla y acompa\u00f1a a la organizaci\u00f3n en implantaci\u00f3n del sistema de gesti\u00f3n de seguridad de la informaci\u00f3n \u201cSGSI\u201d, enmarcado bajo la normativa ISO\/IEC 27001:2013 e ISO-IEC 27001:2022. Actividades propuestas<\/p>\n","protected":false},"author":1,"featured_media":191,"parent":0,"menu_order":0,"comment_status":"closed","ping_status":"closed","template":"templates\/template-page-full-width.php","meta":{"footnotes":""},"class_list":["post-221","page","type-page","status-publish","has-post-thumbnail","hentry"],"_links":{"self":[{"href":"https:\/\/it-sf.com.co\/index.php?rest_route=\/wp\/v2\/pages\/221","targetHints":{"allow":["GET"]}}],"collection":[{"href":"https:\/\/it-sf.com.co\/index.php?rest_route=\/wp\/v2\/pages"}],"about":[{"href":"https:\/\/it-sf.com.co\/index.php?rest_route=\/wp\/v2\/types\/page"}],"author":[{"embeddable":true,"href":"https:\/\/it-sf.com.co\/index.php?rest_route=\/wp\/v2\/users\/1"}],"replies":[{"embeddable":true,"href":"https:\/\/it-sf.com.co\/index.php?rest_route=%2Fwp%2Fv2%2Fcomments&post=221"}],"version-history":[{"count":9,"href":"https:\/\/it-sf.com.co\/index.php?rest_route=\/wp\/v2\/pages\/221\/revisions"}],"predecessor-version":[{"id":366,"href":"https:\/\/it-sf.com.co\/index.php?rest_route=\/wp\/v2\/pages\/221\/revisions\/366"}],"wp:featuredmedia":[{"embeddable":true,"href":"https:\/\/it-sf.com.co\/index.php?rest_route=\/wp\/v2\/media\/191"}],"wp:attachment":[{"href":"https:\/\/it-sf.com.co\/index.php?rest_route=%2Fwp%2Fv2%2Fmedia&parent=221"}],"curies":[{"name":"wp","href":"https:\/\/api.w.org\/{rel}","templated":true}]}}