{"id":230,"date":"2023-03-01T14:02:51","date_gmt":"2023-03-01T14:02:51","guid":{"rendered":"https:\/\/valdescotrino.com\/jcorrea\/?page_id=230"},"modified":"2023-03-01T15:43:11","modified_gmt":"2023-03-01T15:43:11","slug":"curso-de-implementacion-de-servicios-ipv6","status":"publish","type":"page","link":"https:\/\/it-sf.com.co\/?page_id=230","title":{"rendered":"Curso de Implementaci\u00f3n de servicios IPv6"},"content":{"rendered":"\n<p class=\"has-medium-font-size\">El curso avanzado de IPv6 tiene una duraci\u00f3n de 40 horas y est\u00e1 concebido para capacitar a profesionales en el \u00c1rea de Redes, Gerentes de Proyectos y de Tecnolog\u00edas de la Informaci\u00f3n que tengan conocimiento en protocolo IPv4 y en el funcionamiento de internet, necesarios para entender el porqu\u00e9 de la migraci\u00f3n hacia IPv6.<\/p>\n\n\n\n<div style=\"height:20px\" aria-hidden=\"true\" class=\"wp-block-spacer\"><\/div>\n\n\n\n<figure class=\"wp-block-image alignwide size-large\"><img loading=\"lazy\" decoding=\"async\" width=\"1024\" height=\"400\" src=\"https:\/\/valdescotrino.com\/jcorrea\/wp-content\/uploads\/2023\/03\/programming-593312_1280-1024x400.jpg\" alt=\"\" class=\"wp-image-309\" srcset=\"https:\/\/it-sf.com.co\/wp-content\/uploads\/2023\/03\/programming-593312_1280-1024x400.jpg 1024w, https:\/\/it-sf.com.co\/wp-content\/uploads\/2023\/03\/programming-593312_1280-300x117.jpg 300w, https:\/\/it-sf.com.co\/wp-content\/uploads\/2023\/03\/programming-593312_1280-768x300.jpg 768w, https:\/\/it-sf.com.co\/wp-content\/uploads\/2023\/03\/programming-593312_1280.jpg 1280w\" sizes=\"auto, (max-width: 1024px) 100vw, 1024px\" \/><\/figure>\n\n\n\n<div style=\"height:20px\" aria-hidden=\"true\" class=\"wp-block-spacer\"><\/div>\n\n\n\n<p class=\"has-medium-font-size\">A ra\u00edz del agotamiento de direcciones IPv4, por el uso comercial de Internet, que se empez\u00f3 a percibir en los a\u00f1os 80, hubo la necesidad de implementar nuevas estrategias que permitieran un mejor uso de estas direcciones (Subredes, VLSM, NAT y direccionamiento privado) y junto con el imparable crecimiento de usuarios y dispositivos, implic\u00f3 en pocos meses que estas direcciones se agotan.<\/p>\n\n\n\n<p class=\"has-medium-font-size\">Por todo lo anterior, el organismo que se encarga de la estandarizaci\u00f3n de los protocolos de Internet (IETF, Internet Engineering Task Force), ha trabajado en los \u00faltimos a\u00f1os en una nueva versi\u00f3n del Protocolo de Internet, concretamente la versi\u00f3n 6 (IPv6), que posee direcciones con una longitud de 128 bits dando mayor cantidad de direcciones a enrutar y ofreciendo posibilidades de seguridad y calidad de servicio desde el mismo protocolo.<\/p>\n\n\n\n<p class=\"has-medium-font-size\">La implementaci\u00f3n del protocolo IPv6 se est\u00e1 realizando a nivel mundial de manera gradual y en coexistencia con IPv4, pues su desplazamiento se har\u00e1 de manera paulatina hasta tanto los dispositivos de cliente, equipos de red, aplicaciones, contenidos y servicios se adapten a la nueva versi\u00f3n del protocolo de Internet; por esta raz\u00f3n, se ha hecho indispensable contar con personas capacitadas que participen en la transici\u00f3n hacia IPv6, encargadas de desarrollar estrategias para el dise\u00f1o e implementaci\u00f3n de redes bajo los par\u00e1metros del nuevo protocolo.<\/p>\n\n\n\n<h3 class=\"wp-block-heading\">Objetivo<\/h3>\n\n\n\n<p class=\"has-medium-font-size\">Dar a conocer los conceptos tanto b\u00e1sicos como avanzados y las funcionalidades del protocolo IPv6 para su transici\u00f3n y convivencia en las redes de datos y comunicaciones de Colombia<\/p>\n\n\n\n<div class=\"wp-block-columns is-layout-flex wp-container-core-columns-is-layout-9d6595d7 wp-block-columns-is-layout-flex\">\n<div class=\"wp-block-column has-background has-medium-font-size is-layout-flow wp-block-column-is-layout-flow\" style=\"background-color:#02cfaa\">\n<h3 class=\"has-text-align-center wp-block-heading\">Metodolog\u00eda<\/h3>\n\n\n\n<p>El presente curso contar\u00e1 con elementos te\u00f3rico-pr\u00e1cticos, que conducir\u00e1n al estudiante a un aprendizaje significativo, despu\u00e9s del cual, podr\u00e1 realizar actividades de configuraci\u00f3n del protocolo IPv6 en equipos de red y m\u00e1quinas virtuales utilizando diferentes Sistemas Operativos.<\/p>\n<\/div>\n\n\n\n<div class=\"wp-block-column is-vertically-aligned-top has-background has-medium-font-size is-layout-flow wp-block-column-is-layout-flow\" style=\"background-color:#02cfaa\">\n<h3 class=\"has-text-align-center wp-block-heading\">Dirigido a<\/h3>\n\n\n\n<p>Profesionales del \u00e1rea de TI, \u00e1rea de redes, gerentes de proyectos y de tecnolog\u00edas de la informaci\u00f3n.<\/p>\n<\/div>\n<\/div>\n","protected":false},"excerpt":{"rendered":"<p>El curso avanzado de IPv6 tiene una duraci\u00f3n de 40 horas y est\u00e1 concebido para capacitar a profesionales en el \u00c1rea de Redes, Gerentes de Proyectos y de Tecnolog\u00edas de la Informaci\u00f3n que tengan conocimiento en protocolo IPv4 y en el funcionamiento de internet, necesarios para entender el porqu\u00e9 de la migraci\u00f3n hacia IPv6. A [&hellip;]<\/p>\n","protected":false},"author":1,"featured_media":0,"parent":0,"menu_order":0,"comment_status":"closed","ping_status":"closed","template":"","meta":{"footnotes":""},"class_list":["post-230","page","type-page","status-publish","hentry"],"_links":{"self":[{"href":"https:\/\/it-sf.com.co\/index.php?rest_route=\/wp\/v2\/pages\/230","targetHints":{"allow":["GET"]}}],"collection":[{"href":"https:\/\/it-sf.com.co\/index.php?rest_route=\/wp\/v2\/pages"}],"about":[{"href":"https:\/\/it-sf.com.co\/index.php?rest_route=\/wp\/v2\/types\/page"}],"author":[{"embeddable":true,"href":"https:\/\/it-sf.com.co\/index.php?rest_route=\/wp\/v2\/users\/1"}],"replies":[{"embeddable":true,"href":"https:\/\/it-sf.com.co\/index.php?rest_route=%2Fwp%2Fv2%2Fcomments&post=230"}],"version-history":[{"count":5,"href":"https:\/\/it-sf.com.co\/index.php?rest_route=\/wp\/v2\/pages\/230\/revisions"}],"predecessor-version":[{"id":314,"href":"https:\/\/it-sf.com.co\/index.php?rest_route=\/wp\/v2\/pages\/230\/revisions\/314"}],"wp:attachment":[{"href":"https:\/\/it-sf.com.co\/index.php?rest_route=%2Fwp%2Fv2%2Fmedia&parent=230"}],"curies":[{"name":"wp","href":"https:\/\/api.w.org\/{rel}","templated":true}]}}