{"id":236,"date":"2023-03-01T14:12:17","date_gmt":"2023-03-01T14:12:17","guid":{"rendered":"https:\/\/valdescotrino.com\/jcorrea\/?page_id=236"},"modified":"2023-03-01T15:36:58","modified_gmt":"2023-03-01T15:36:58","slug":"analisis-forense-informatico","status":"publish","type":"page","link":"https:\/\/it-sf.com.co\/?page_id=236","title":{"rendered":"An\u00e1lisis Forense Inform\u00e1tico"},"content":{"rendered":"\n<p class=\"has-medium-font-size\">El curso est\u00e1 orientado a profesionales encargados de dise\u00f1ar y\/o implantar mecanismos de seguridad en sus empresas. Al finalizar el curso el alumno habr\u00e1 adquirido los conceptos t\u00e9cnicos b\u00e1sicos necesarios en lo que respecta a las metodolog\u00edas de an\u00e1lisis y el tratamiento y\/o adquisici\u00f3n de la evidencia digital.<\/p>\n\n\n\n<div style=\"height:20px\" aria-hidden=\"true\" class=\"wp-block-spacer\"><\/div>\n\n\n\n<figure class=\"wp-block-image alignfull size-large\"><img loading=\"lazy\" decoding=\"async\" width=\"1024\" height=\"360\" src=\"https:\/\/valdescotrino.com\/jcorrea\/wp-content\/uploads\/2023\/03\/digital-marketing-1725340_1280-1024x360.jpg\" alt=\"\" class=\"wp-image-304\" srcset=\"https:\/\/it-sf.com.co\/wp-content\/uploads\/2023\/03\/digital-marketing-1725340_1280-1024x360.jpg 1024w, https:\/\/it-sf.com.co\/wp-content\/uploads\/2023\/03\/digital-marketing-1725340_1280-300x105.jpg 300w, https:\/\/it-sf.com.co\/wp-content\/uploads\/2023\/03\/digital-marketing-1725340_1280-768x270.jpg 768w, https:\/\/it-sf.com.co\/wp-content\/uploads\/2023\/03\/digital-marketing-1725340_1280.jpg 1280w\" sizes=\"auto, (max-width: 1024px) 100vw, 1024px\" \/><\/figure>\n\n\n\n<div style=\"height:20px\" aria-hidden=\"true\" class=\"wp-block-spacer\"><\/div>\n\n\n\n<h3 class=\"wp-block-heading\">Objetivo<\/h3>\n\n\n\n<p class=\"has-medium-font-size\">El objetivo de este curso es introducir al estudiante en los conceptos b\u00e1sicos del an\u00e1lisis forense inform\u00e1tico. El curso est\u00e1 orientado a profesionales encargados de dise\u00f1ar y\/o implantar mecanismos de seguridad en sus empresas. Al finalizar el curso el alumno habr\u00e1 adquirido los conceptos t\u00e9cnicos b\u00e1sicos necesarios en lo que respecta a las metodolog\u00edas de an\u00e1lisis y el tratamiento y\/o adquisici\u00f3n de la evidencia digital.<\/p>\n\n\n\n<div class=\"wp-block-columns is-layout-flex wp-container-core-columns-is-layout-9d6595d7 wp-block-columns-is-layout-flex\">\n<div class=\"wp-block-column has-background has-medium-font-size is-layout-flow wp-block-column-is-layout-flow\" style=\"background-color:#02cfaa\">\n<h3 class=\"has-text-align-center wp-block-heading\">Metodolog\u00eda<\/h3>\n\n\n\n<p>El presente curso contar\u00e1 con elementos te\u00f3rico-pr\u00e1cticos, que conducir\u00e1n al estudiante a un aprendizaje significativo, despu\u00e9s del cual, podr\u00e1 realizar actividades de la Inform\u00e1tica Forense Digital sobre dispositivos activos de red, equipos de c\u00f3mputo, dispositivos m\u00f3viles y m\u00e1quinas virtuales utilizando diferentes Sistemas Operativos.<\/p>\n<\/div>\n\n\n\n<div class=\"wp-block-column has-background has-medium-font-size is-layout-flow wp-block-column-is-layout-flow\" style=\"background-color:#02cfaa\">\n<h3 class=\"has-text-align-center wp-block-heading\">Dirigido a<\/h3>\n\n\n\n<p>Profesionales y estudiantes interesados en Seguridad Inform\u00e1tica, y en particular, profesionales inform\u00e1ticos vinculados a la implantaci\u00f3n o dise\u00f1o de mecanismos de seguridad de la informaci\u00f3n para el aseguramiento de las organizaciones.<\/p>\n<\/div>\n<\/div>\n","protected":false},"excerpt":{"rendered":"<p>El curso est\u00e1 orientado a profesionales encargados de dise\u00f1ar y\/o implantar mecanismos de seguridad en sus empresas. Al finalizar el curso el alumno habr\u00e1 adquirido los conceptos t\u00e9cnicos b\u00e1sicos necesarios en lo que respecta a las metodolog\u00edas de an\u00e1lisis y el tratamiento y\/o adquisici\u00f3n de la evidencia digital. Objetivo El objetivo de este curso es [&hellip;]<\/p>\n","protected":false},"author":1,"featured_media":0,"parent":0,"menu_order":0,"comment_status":"closed","ping_status":"closed","template":"","meta":{"footnotes":""},"class_list":["post-236","page","type-page","status-publish","hentry"],"_links":{"self":[{"href":"https:\/\/it-sf.com.co\/index.php?rest_route=\/wp\/v2\/pages\/236","targetHints":{"allow":["GET"]}}],"collection":[{"href":"https:\/\/it-sf.com.co\/index.php?rest_route=\/wp\/v2\/pages"}],"about":[{"href":"https:\/\/it-sf.com.co\/index.php?rest_route=\/wp\/v2\/types\/page"}],"author":[{"embeddable":true,"href":"https:\/\/it-sf.com.co\/index.php?rest_route=\/wp\/v2\/users\/1"}],"replies":[{"embeddable":true,"href":"https:\/\/it-sf.com.co\/index.php?rest_route=%2Fwp%2Fv2%2Fcomments&post=236"}],"version-history":[{"count":5,"href":"https:\/\/it-sf.com.co\/index.php?rest_route=\/wp\/v2\/pages\/236\/revisions"}],"predecessor-version":[{"id":441,"href":"https:\/\/it-sf.com.co\/index.php?rest_route=\/wp\/v2\/pages\/236\/revisions\/441"}],"wp:attachment":[{"href":"https:\/\/it-sf.com.co\/index.php?rest_route=%2Fwp%2Fv2%2Fmedia&parent=236"}],"curies":[{"name":"wp","href":"https:\/\/api.w.org\/{rel}","templated":true}]}}