{"id":375,"date":"2023-05-11T15:41:46","date_gmt":"2023-05-11T15:41:46","guid":{"rendered":"https:\/\/valdescotrino.com\/jcorrea\/?page_id=375"},"modified":"2023-07-25T16:59:48","modified_gmt":"2023-07-25T21:59:48","slug":"contacto","status":"publish","type":"page","link":"https:\/\/it-sf.com.co\/?page_id=375","title":{"rendered":"Contacto"},"content":{"rendered":"\n<figure class=\"wp-block-image alignwide size-large\"><img loading=\"lazy\" decoding=\"async\" width=\"1024\" height=\"360\" src=\"https:\/\/valdescotrino.com\/jcorrea\/wp-content\/uploads\/2023\/05\/network-1-1024x360.jpg\" alt=\"\" class=\"wp-image-379\" srcset=\"https:\/\/it-sf.com.co\/wp-content\/uploads\/2023\/05\/network-1-1024x360.jpg 1024w, https:\/\/it-sf.com.co\/wp-content\/uploads\/2023\/05\/network-1-300x105.jpg 300w, https:\/\/it-sf.com.co\/wp-content\/uploads\/2023\/05\/network-1-768x270.jpg 768w, https:\/\/it-sf.com.co\/wp-content\/uploads\/2023\/05\/network-1.jpg 1280w\" sizes=\"auto, (max-width: 1024px) 100vw, 1024px\" \/><\/figure>\n\n\n\n<div style=\"height:20px\" aria-hidden=\"true\" class=\"wp-block-spacer\"><\/div>\n\n\n\n<p class=\"has-medium-font-size\"><strong>Direcci\u00f3n<\/strong><\/p>\n\n\n\n<p>Calle 33 # 24 B 17, Soacha &#8211; Cundinamarca, Colombia<\/p>\n\n\n\n<p class=\"has-medium-font-size\"><strong>Tel\u00e9fono<\/strong><\/p>\n\n\n\n<p>(57) 316 350 0451<\/p>\n\n\n\n<p class=\"has-medium-font-size\"><strong>Correo Electr\u00f3nico<\/strong><\/p>\n\n\n\n<p><a href=\"mailto:info@it-sf.com.co\" data-type=\"URL\" data-id=\"info@it-sf.com.co\" target=\"_blank\" rel=\"noreferrer noopener\">info@it-sf.com.co<\/a><\/p>\n\n\n\n<h2 class=\"wp-block-heading has-medium-font-size\">Como Llegar<\/h2>\n\n\n\n<iframe src=\"https:\/\/www.google.com\/maps\/embed?pb=!1m18!1m12!1m3!1d3977.0963361363997!2d-74.2468109253024!3d4.576715995397878!2m3!1f0!2f0!3f0!3m2!1i1024!2i768!4f13.1!3m3!1m2!1s0x8e3f75139fef8edb%3A0x38ac3ad2dbcc4457!2sCl.%2033%20Sur%20%2324%2C%20Soacha%2C%20Cundinamarca!5e0!3m2!1ses-419!2sco!4v1683819537714!5m2!1ses-419!2sco\" width=\"600\" height=\"450\" style=\"border:0;\" allowfullscreen=\"\" loading=\"lazy\" referrerpolicy=\"no-referrer-when-downgrade\"><\/iframe>\n","protected":false},"excerpt":{"rendered":"<p>Direcci\u00f3n Calle 33 # 24 B 17, Soacha &#8211; Cundinamarca, Colombia Tel\u00e9fono (57) 316 350 0451 Correo Electr\u00f3nico info@it-sf.com.co Como Llegar<\/p>\n","protected":false},"author":1,"featured_media":0,"parent":0,"menu_order":0,"comment_status":"closed","ping_status":"closed","template":"templates\/template-page-full-width.php","meta":{"footnotes":""},"class_list":["post-375","page","type-page","status-publish","hentry"],"_links":{"self":[{"href":"https:\/\/it-sf.com.co\/index.php?rest_route=\/wp\/v2\/pages\/375","targetHints":{"allow":["GET"]}}],"collection":[{"href":"https:\/\/it-sf.com.co\/index.php?rest_route=\/wp\/v2\/pages"}],"about":[{"href":"https:\/\/it-sf.com.co\/index.php?rest_route=\/wp\/v2\/types\/page"}],"author":[{"embeddable":true,"href":"https:\/\/it-sf.com.co\/index.php?rest_route=\/wp\/v2\/users\/1"}],"replies":[{"embeddable":true,"href":"https:\/\/it-sf.com.co\/index.php?rest_route=%2Fwp%2Fv2%2Fcomments&post=375"}],"version-history":[{"count":9,"href":"https:\/\/it-sf.com.co\/index.php?rest_route=\/wp\/v2\/pages\/375\/revisions"}],"predecessor-version":[{"id":408,"href":"https:\/\/it-sf.com.co\/index.php?rest_route=\/wp\/v2\/pages\/375\/revisions\/408"}],"wp:attachment":[{"href":"https:\/\/it-sf.com.co\/index.php?rest_route=%2Fwp%2Fv2%2Fmedia&parent=375"}],"curies":[{"name":"wp","href":"https:\/\/api.w.org\/{rel}","templated":true}]}}