{"id":422,"date":"2023-08-01T16:34:11","date_gmt":"2023-08-01T21:34:11","guid":{"rendered":"https:\/\/it-sf.com.co\/?page_id=422"},"modified":"2023-08-01T16:39:02","modified_gmt":"2023-08-01T21:39:02","slug":"mobiledit-forensic","status":"publish","type":"page","link":"https:\/\/it-sf.com.co\/?page_id=422","title":{"rendered":"Nuestros Aliados"},"content":{"rendered":"\n<h1 class=\"wp-block-heading\">MOBILedit Forensic<\/h1>\n\n\n<div class=\"wp-block-image\">\n<figure class=\"aligncenter size-full\"><img loading=\"lazy\" decoding=\"async\" width=\"305\" height=\"309\" src=\"https:\/\/it-sf.com.co\/wp-content\/uploads\/2023\/08\/mobiledit.jpg\" alt=\"\" class=\"wp-image-420\" srcset=\"https:\/\/it-sf.com.co\/wp-content\/uploads\/2023\/08\/mobiledit.jpg 305w, https:\/\/it-sf.com.co\/wp-content\/uploads\/2023\/08\/mobiledit-296x300.jpg 296w\" sizes=\"auto, (max-width: 305px) 100vw, 305px\" \/><\/figure>\n<\/div>\n\n\n<div style=\"height:20px\" aria-hidden=\"true\" class=\"wp-block-spacer\"><\/div>\n\n\n\n<p class=\"has-medium-font-size\">MOBILedit Forensic es una soluci\u00f3n todo en uno para la extracci\u00f3n de datos de tel\u00e9fonos, relojes inteligentes y nubes.&nbsp;Utiliza la adquisici\u00f3n de datos f\u00edsicos y l\u00f3gicos, tiene un excelente an\u00e1lisis de aplicaciones, recuperaci\u00f3n de datos eliminados, una amplia gama de dispositivos compatibles, informes ajustados, procesamiento simult\u00e1neo y una interfaz f\u00e1cil de usar.&nbsp;Con un enfoque completamente nuevo, MOBILedit Forensic es mucho m\u00e1s fuerte que nunca en eludir la seguridad.<\/p>\n\n\n\n<p><a rel=\"noreferrer noopener\" href=\"https:\/\/www.mobiledit.com\/mobiledit-forensic\" target=\"_blank\">Mas informaci\u00f3n<\/a><\/p>\n","protected":false},"excerpt":{"rendered":"<p>MOBILedit Forensic MOBILedit Forensic es una soluci\u00f3n todo en uno para la extracci\u00f3n de datos de tel\u00e9fonos, relojes inteligentes y nubes.&nbsp;Utiliza la adquisici\u00f3n de datos f\u00edsicos y l\u00f3gicos, tiene un excelente an\u00e1lisis de aplicaciones, recuperaci\u00f3n de datos eliminados, una amplia gama de dispositivos compatibles, informes ajustados, procesamiento simult\u00e1neo y una interfaz f\u00e1cil de usar.&nbsp;Con un [&hellip;]<\/p>\n","protected":false},"author":1,"featured_media":420,"parent":0,"menu_order":0,"comment_status":"closed","ping_status":"closed","template":"templates\/template-page-full-width.php","meta":{"footnotes":""},"class_list":["post-422","page","type-page","status-publish","has-post-thumbnail","hentry"],"_links":{"self":[{"href":"https:\/\/it-sf.com.co\/index.php?rest_route=\/wp\/v2\/pages\/422","targetHints":{"allow":["GET"]}}],"collection":[{"href":"https:\/\/it-sf.com.co\/index.php?rest_route=\/wp\/v2\/pages"}],"about":[{"href":"https:\/\/it-sf.com.co\/index.php?rest_route=\/wp\/v2\/types\/page"}],"author":[{"embeddable":true,"href":"https:\/\/it-sf.com.co\/index.php?rest_route=\/wp\/v2\/users\/1"}],"replies":[{"embeddable":true,"href":"https:\/\/it-sf.com.co\/index.php?rest_route=%2Fwp%2Fv2%2Fcomments&post=422"}],"version-history":[{"count":5,"href":"https:\/\/it-sf.com.co\/index.php?rest_route=\/wp\/v2\/pages\/422\/revisions"}],"predecessor-version":[{"id":429,"href":"https:\/\/it-sf.com.co\/index.php?rest_route=\/wp\/v2\/pages\/422\/revisions\/429"}],"wp:featuredmedia":[{"embeddable":true,"href":"https:\/\/it-sf.com.co\/index.php?rest_route=\/wp\/v2\/media\/420"}],"wp:attachment":[{"href":"https:\/\/it-sf.com.co\/index.php?rest_route=%2Fwp%2Fv2%2Fmedia&parent=422"}],"curies":[{"name":"wp","href":"https:\/\/api.w.org\/{rel}","templated":true}]}}